{"id":668,"date":"2019-03-22T08:50:26","date_gmt":"2019-03-22T08:50:26","guid":{"rendered":"https:\/\/criscatering3636.live-website.com\/cris-catering\/"},"modified":"2019-06-06T08:21:49","modified_gmt":"2019-06-06T08:21:49","slug":"cris-catering","status":"publish","type":"page","link":"https:\/\/criscatering.com\/es\/cris-catering\/","title":{"rendered":"CRISCATERING"},"content":{"rendered":"[vc_row full_width=\u00bbstretch_row\u00bb content_placement=\u00bbtop\u00bb bg_type=\u00bbimage\u00bb parallax_style=\u00bbvcpb-default\u00bb bg_image_new=\u00bbid^238|url^https:\/\/criscatering.com\/wp-content\/uploads\/2019\/04\/00HEAD2.jpg|caption^null|alt^null|title^00HEAD2|description^null\u00bb bg_image_repeat=\u00bbno-repeat\u00bb css=\u00bb.vc_custom_1554452858422{margin-top: 0px !important;margin-right: 0px !important;margin-bottom: 0px !important;margin-left: 0px !important;padding-top: 0px !important;padding-right: 0px !important;padding-bottom: 21px !important;padding-left: 0px !important;}\u00bb][vc_column css=\u00bb.vc_custom_1554392714644{margin-top: 0px !important;margin-bottom: 0px !important;padding-top: 0px !important;padding-bottom: 0px !important;}\u00bb]<div class=\"ult-spacer spacer-69e1a694a5da1\" data-id=\"69e1a694a5da1\" data-height=\"190\" data-height-mobile=\"190\" data-height-tab=\"190\" data-height-tab-portrait=\"\" data-height-mobile-landscape=\"\" style=\"clear:both;display:block;\"><\/div>[\/vc_column][\/vc_row][vc_row][vc_column width=\u00bb1\/6&#8243;][\/vc_column][vc_column width=\u00bb2\/3&#8243; css=\u00bb.vc_custom_1554449195180{margin-right: 32px !important;}\u00bb]<div class=\"ult-spacer spacer-69e1a694a5e0a\" data-id=\"69e1a694a5e0a\" data-height=\"22\" data-height-mobile=\"22\" data-height-tab=\"22\" data-height-tab-portrait=\"\" data-height-mobile-landscape=\"\" style=\"clear:both;display:block;\"><\/div>[vc_column_text]\n<p style=\"text-align: center;\">En CRISCATERING nos gustan los eventos de cualquier tipo, pero entendemos que buscas un catering y un estilo en concreto. Dinos tu idea y nosotros te haremos las propuestas.<\/p>\n[\/vc_column_text][\/vc_column][vc_column width=\u00bb1\/6&#8243; css=\u00bb.vc_custom_1554449217644{margin-left: 31px !important;}\u00bb][\/vc_column][\/vc_row][vc_row][vc_column]<div class=\"ult-spacer spacer-69e1a694a5e37\" data-id=\"69e1a694a5e37\" data-height=\"75\" data-height-mobile=\"75\" data-height-tab=\"75\" data-height-tab-portrait=\"\" data-height-mobile-landscape=\"\" style=\"clear:both;display:block;\"><\/div>[\/vc_column][vc_column]<div class=\"ult-spacer spacer-69e1a694a5e60\" data-id=\"69e1a694a5e60\" data-height=\"22\" data-height-mobile=\"22\" data-height-tab=\"22\" data-height-tab-portrait=\"\" data-height-mobile-landscape=\"\" style=\"clear:both;display:block;\"><\/div>[\/vc_column][\/vc_row][vc_row full_width=\u00bbstretch_row\u00bb equal_height=\u00bbyes\u00bb css=\u00bb.vc_custom_1553165709678{margin-top: 0px !important;margin-right: 0px !important;margin-bottom: 0px !important;margin-left: 0px !important;padding-top: 0px !important;padding-right: 0px !important;padding-bottom: 0px !important;padding-left: 0px !important;}\u00bb][vc_column width=\u00bb1\/3&#8243; css=\u00bb.vc_custom_1553158172974{margin-top: 0px !important;margin-right: 0px !important;margin-left: 0px !important;padding-top: 0px !important;padding-right: 0px !important;padding-left: 0px !important;}\u00bb]<div class=\"ult-new-ib ult-ib-effect-style14  ult-ib-resp ult-ib2-min-height  vc_custom_1558522108270\" data-min-width=\"768\" data-max-width=\"900\" style=\"background:#8f6d4f; opacity:0; \" data-opacity=\"1\" data-hover-opacity=\"0.4\"  data-min-height=\"500\" ><img decoding=\"async\" class=\"ult-new-ib-img\" style=\"opacity:1;\" alt=\"null\" src=\"https:\/\/criscatering.com\/wp-content\/uploads\/2019\/05\/000casaments.jpg\"  data-min-height=\"500\"   \/><div id=\"interactive-banner-wrap-5114\" class=\"ult-new-ib-desc\" style=\"\"><h2 class=\"ult-new-ib-title ult-responsive\"  data-ultimate-target='#interactive-banner-wrap-5114 .ult-new-ib-title'  data-responsive-json-new='{\"font-size\":\"desktop:36px;\",\"line-height\":\"desktop:120px;\"}'  style=\"font-family:&#039;Playfair Display&#039;;font-weight:normal;color:#ffffff;\">Bodas<\/h2><div class=\"ult-new-ib-content ult-responsive\"  data-ultimate-target='#interactive-banner-wrap-5114 .ult-new-ib-content'  data-responsive-json-new='{\"font-size\":\"desktop:17px;\",\"line-height\":\"desktop:26px;\"}'  style=\"font-weight:normal;\"><p>Dise\u00f1amos montajes para todos los gustos y estilos, adaptando el espacio y la decoraci\u00f3n a cualquier entorno, que har\u00e1 de tu celebraci\u00f3n un d\u00eda inolvidable.<\/p><\/div><\/div><a class=\"ult-new-ib-link\" href=\"https:\/\/criscatering3636.live-website.com\/es\/casament\/\" title=\"CASAMENT\"  ><\/a><\/div><script type=\"text\/javascript\">\r\n\t\t\t(function($){\r\n\t\t\t\t$(document).ready(function(){\r\n\t\t\t\t\t$(\".ult-new-ib\").css(\"opacity\",\"1\");\r\n\t\t\t\t});\r\n\t\t\t})(jQuery);\r\n\t\t\t<\/script>[\/vc_column][vc_column width=\u00bb1\/3&#8243; css=\u00bb.vc_custom_1553158178527{margin-top: 0px !important;margin-right: 0px !important;margin-left: 0px !important;padding-top: 0px !important;padding-right: 0px !important;padding-left: 0px !important;}\u00bb]<div class=\"ult-new-ib ult-ib-effect-style14  ult-ib-resp ult-ib2-min-height  vc_custom_1558522118571\" data-min-width=\"768\" data-max-width=\"900\" style=\"background:#8f6d4f; opacity:0; \" data-opacity=\"1\" data-hover-opacity=\"0.4\"  data-min-height=\"500\" ><img decoding=\"async\" class=\"ult-new-ib-img\" style=\"opacity:1;\" alt=\"null\" src=\"https:\/\/criscatering.com\/wp-content\/uploads\/2019\/05\/000empreses.jpg\"  data-min-height=\"500\"   \/><div id=\"interactive-banner-wrap-7627\" class=\"ult-new-ib-desc\" style=\"\"><h2 class=\"ult-new-ib-title ult-responsive\"  data-ultimate-target='#interactive-banner-wrap-7627 .ult-new-ib-title'  data-responsive-json-new='{\"font-size\":\"desktop:36px;\",\"line-height\":\"desktop:100px;\"}'  style=\"font-family:&#039;Playfair Display&#039;;font-weight:normal;color:#ffffff;\">Empresas<\/h2><div class=\"ult-new-ib-content ult-responsive\"  data-ultimate-target='#interactive-banner-wrap-7627 .ult-new-ib-content'  data-responsive-json-new='{\"font-size\":\"desktop:17px;\",\"line-height\":\"desktop:26px;\"}'  style=\"font-weight:normal;\"><p>Disponemos de una amplia variedad de espacios originales y exclusivos. Reuniones de trabajo, presentaci\u00f3n de productos, convenciones comerciales y cualquier evento de empresa. Un catering profesional y personalizado seg\u00fan las necesidades de tu empresa.<\/p><\/div><\/div><a class=\"ult-new-ib-link\" href=\"https:\/\/criscatering3636.live-website.com\/es\/empreses\/\" title=\"Inici\"  ><\/a><\/div><script type=\"text\/javascript\">\r\n\t\t\t(function($){\r\n\t\t\t\t$(document).ready(function(){\r\n\t\t\t\t\t$(\".ult-new-ib\").css(\"opacity\",\"1\");\r\n\t\t\t\t});\r\n\t\t\t})(jQuery);\r\n\t\t\t<\/script>[\/vc_column][vc_column width=\u00bb1\/3&#8243; css=\u00bb.vc_custom_1553158186345{margin-top: 0px !important;margin-right: 0px !important;margin-left: 0px !important;padding-top: 0px !important;padding-right: 0px !important;padding-left: 0px !important;}\u00bb]<div class=\"ult-new-ib ult-ib-effect-style14  ult-ib-resp ult-ib2-min-height  vc_custom_1559043524466\" data-min-width=\"768\" data-max-width=\"900\" style=\"background:#8f6d4f; opacity:0; \" data-opacity=\"1\" data-hover-opacity=\"0.4\"  data-min-height=\"500\" ><img decoding=\"async\" class=\"ult-new-ib-img\" style=\"opacity:1;\" alt=\"null\" src=\"https:\/\/criscatering.com\/wp-content\/uploads\/2019\/05\/000celebracions.jpg\"  data-min-height=\"500\"   \/><div id=\"interactive-banner-wrap-6623\" class=\"ult-new-ib-desc\" style=\"\"><h2 class=\"ult-new-ib-title ult-responsive\"  data-ultimate-target='#interactive-banner-wrap-6623 .ult-new-ib-title'  data-responsive-json-new='{\"font-size\":\"desktop:36px;\",\"line-height\":\"desktop:120px;\"}'  style=\"font-family:&#039;Playfair Display&#039;;font-weight:normal;color:#ffffff;\">Celebraciones<\/h2><div class=\"ult-new-ib-content ult-responsive\"  data-ultimate-target='#interactive-banner-wrap-6623 .ult-new-ib-content'  data-responsive-json-new='{\"font-size\":\"desktop:17px;\",\"line-height\":\"desktop:26px;\"}'  style=\"font-weight:normal;\"><p>Un servicio personalizado para hacer de tus celebraciones familiares un momento m\u00e1gico. Nos ocupamos de vuestra velada hasta el \u00faltimo detalle: comidas familiares, fiestas de cumplea\u00f1os, reuniones de grupo, bautizos, comuniones, etc.<\/p><\/div><\/div><a class=\"ult-new-ib-link\" href=\"https:\/\/criscatering3636.live-website.com\/es\/celebracions\/\" title=\"CELEBRACIONS\"  ><\/a><\/div><script type=\"text\/javascript\">\r\n\t\t\t(function($){\r\n\t\t\t\t$(document).ready(function(){\r\n\t\t\t\t\t$(\".ult-new-ib\").css(\"opacity\",\"1\");\r\n\t\t\t\t});\r\n\t\t\t})(jQuery);\r\n\t\t\t<\/script>[\/vc_column][\/vc_row][vc_row][vc_column]<div class=\"ult-spacer spacer-69e1a694a767f\" data-id=\"69e1a694a767f\" data-height=\"85\" data-height-mobile=\"85\" data-height-tab=\"85\" data-height-tab-portrait=\"\" data-height-mobile-landscape=\"\" style=\"clear:both;display:block;\"><\/div><div id=\"ultimate-heading-147969e1a694a7716\" class=\"uvc-heading ult-adjust-bottom-margin ultimate-heading-147969e1a694a7716 uvc-1044 \" data-hspacer=\"no_spacer\"  data-halign=\"center\" style=\"text-align:center\"><div class=\"uvc-heading-spacer no_spacer\" style=\"top\"><\/div><div class=\"uvc-main-heading ult-responsive\"  data-ultimate-target='.uvc-heading.ultimate-heading-147969e1a694a7716 h2'  data-responsive-json-new='{\"font-size\":\"desktop:30px;\",\"line-height\":\"desktop:47px;\"}' ><h2 style=\"font-family:&#039;Playfair Display&#039;;font-weight:normal;font-style:normal;color:#0a0a0a;margin-bottom:14px;\">NUESTROS ESPACIOS<\/h2><\/div><div class=\"uvc-sub-heading ult-responsive\"  data-ultimate-target='.uvc-heading.ultimate-heading-147969e1a694a7716 .uvc-sub-heading '  data-responsive-json-new='{\"font-size\":\"desktop:17px;\",\"line-height\":\"desktop:26px;\"}'  style=\"font-weight:normal;margin-bottom:25px;\">\n<p style=\"text-align: center;\">Ambientes per sentiros c\u00f3modos<br \/>\ny sorprender a vuestros invitados.<\/p>\n<\/div><\/div><div class=\"ult-spacer spacer-69e1a694a77dc\" data-id=\"69e1a694a77dc\" data-height=\"35\" data-height-mobile=\"35\" data-height-tab=\"35\" data-height-tab-portrait=\"\" data-height-mobile-landscape=\"\" style=\"clear:both;display:block;\"><\/div>[\/vc_column][\/vc_row][vc_row full_width=\u00bbstretch_row_content\u00bb css=\u00bb.vc_custom_1554452529002{margin-right: 0px !important;margin-left: 0px !important;padding-right: 0px !important;padding-left: 0px !important;}\u00bb][vc_column width=\u00bb1\/2&#8243; css=\u00bb.vc_custom_1554452500669{margin-top: 0px !important;margin-right: 0px !important;margin-bottom: 0px !important;margin-left: 0px !important;padding-top: 0px !important;padding-right: 0px !important;padding-bottom: 0px !important;padding-left: 0px !important;}\u00bb]<div class=\"ult-new-ib ult-ib-effect-style14  ult-ib-resp ult-ib2-min-height  vc_custom_1559043905407\" data-min-width=\"768\" data-max-width=\"900\" style=\"background:#8f6d4f; opacity:0; \" data-opacity=\"1\" data-hover-opacity=\"0.4\"  data-min-height=\"580\" ><img decoding=\"async\" class=\"ult-new-ib-img\" style=\"opacity:1;\" alt=\"null\" src=\"https:\/\/criscatering.com\/wp-content\/uploads\/2019\/05\/000central.jpg\"  data-min-height=\"580\"   \/><div id=\"interactive-banner-wrap-6794\" class=\"ult-new-ib-desc\" style=\"\"><h2 class=\"ult-new-ib-title ult-responsive\"  data-ultimate-target='#interactive-banner-wrap-6794 .ult-new-ib-title'  data-responsive-json-new='{\"font-size\":\"desktop:28px;\",\"line-height\":\"desktop:80px;\"}'  style=\"font-family:&#039;Playfair Display&#039;;font-weight:normal;color:#ffffff;\">\u00b7 MAS LA CENTRAL \u00b7<\/h2><div class=\"ult-new-ib-content ult-responsive\"  data-ultimate-target='#interactive-banner-wrap-6794 .ult-new-ib-content'  data-responsive-json-new='{\"font-size\":\"desktop:16px;\",\"line-height\":\"desktop:25px;\"}'  style=\"font-weight:normal;\"><p>Disponemos de un espacio en medio de la Garrotxa envuelto en naturaleza, que os har\u00e1 desconectar y disfrutar del d\u00eda. Una masia vers\u00e1til, ideal para celebraciones con la familia, amigos o de trabajo.<\/p><\/div><\/div><\/div><script type=\"text\/javascript\">\r\n\t\t\t(function($){\r\n\t\t\t\t$(document).ready(function(){\r\n\t\t\t\t\t$(\".ult-new-ib\").css(\"opacity\",\"1\");\r\n\t\t\t\t});\r\n\t\t\t})(jQuery);\r\n\t\t\t<\/script>[\/vc_column][vc_column width=\u00bb1\/2&#8243; css=\u00bb.vc_custom_1554452539088{margin-right: 0px !important;margin-left: 0px !important;padding-right: 0px !important;padding-left: 0px !important;}\u00bb]<div class=\"ult-new-ib ult-ib-effect-style14  ult-ib-resp ult-ib2-min-height  vc_custom_1559043803775\" data-min-width=\"768\" data-max-width=\"900\" style=\"background:#8f6d4f; opacity:0; \" data-opacity=\"1\" data-hover-opacity=\"0.1\"  data-min-height=\"580\" ><img decoding=\"async\" class=\"ult-new-ib-img\" style=\"opacity:1;\" alt=\"null\" src=\"https:\/\/criscatering.com\/wp-content\/uploads\/2019\/05\/000dgusta.jpg\"  data-min-height=\"580\"   \/><div id=\"interactive-banner-wrap-8212\" class=\"ult-new-ib-desc\" style=\"\"><h2 class=\"ult-new-ib-title ult-responsive\"  data-ultimate-target='#interactive-banner-wrap-8212 .ult-new-ib-title'  data-responsive-json-new='{\"font-size\":\"desktop:28px;\",\"line-height\":\"desktop:80px;\"}'  style=\"font-family:&#039;Playfair Display&#039;;font-weight:normal;color:#ffffff;\">\u00b7 SALA DGUSTA \u00b7<\/h2><div class=\"ult-new-ib-content ult-responsive\"  data-ultimate-target='#interactive-banner-wrap-8212 .ult-new-ib-content'  data-responsive-json-new='{\"font-size\":\"desktop:16px;\",\"line-height\":\"desktop:25px;\"}'  style=\"font-weight:normal;\"><p>Peque\u00f1a sala ubicada en nuestras instalaciones en la cual podr\u00e9is disfrutar de una comida exclusiva mientras veis c\u00f3mo cocinamos para vosotros. <\/p><\/div><\/div><\/div><script type=\"text\/javascript\">\r\n\t\t\t(function($){\r\n\t\t\t\t$(document).ready(function(){\r\n\t\t\t\t\t$(\".ult-new-ib\").css(\"opacity\",\"1\");\r\n\t\t\t\t});\r\n\t\t\t})(jQuery);\r\n\t\t\t<\/script>[\/vc_column][\/vc_row][vc_row full_width=\u00bbstretch_row\u00bb][vc_column width=\u00bb1\/3&#8243;][\/vc_column][vc_column width=\u00bb1\/3&#8243;]<div class=\"ult-spacer spacer-69e1a694a86f0\" data-id=\"69e1a694a86f0\" data-height=\"55\" data-height-mobile=\"55\" data-height-tab=\"55\" data-height-tab-portrait=\"\" data-height-mobile-landscape=\"\" style=\"clear:both;display:block;\"><\/div><div id=\"ultimate-heading-720169e1a694a8759\" class=\"uvc-heading ult-adjust-bottom-margin ultimate-heading-720169e1a694a8759 uvc-942 \" data-hspacer=\"no_spacer\"  data-halign=\"center\" style=\"text-align:center\"><div class=\"uvc-heading-spacer no_spacer\" style=\"top\"><\/div><div class=\"uvc-main-heading ult-responsive\"  data-ultimate-target='.uvc-heading.ultimate-heading-720169e1a694a8759 h2'  data-responsive-json-new='{\"font-size\":\"desktop:30px;\",\"line-height\":\"desktop:47px;\"}' ><h2 style=\"font-family:&#039;Playfair Display&#039;;font-style:italic;font-weight:normal;color:#0a0a0a;margin-bottom:14px;\">\u00bfQuieres ver m\u00e1s espacios?<\/h2><\/div><div class=\"uvc-sub-heading ult-responsive\"  data-ultimate-target='.uvc-heading.ultimate-heading-720169e1a694a8759 .uvc-sub-heading '  data-responsive-json-new='{\"font-size\":\"desktop:17px;\",\"line-height\":\"desktop:25px;\"}'  style=\"font-weight:normal;margin-bottom:25px;\">Os proponemos una gran variedad de espacios diferentes y originales donde celebrar ceremonias, siempre con una cuidada decoraci\u00f3n personalizada.<\/div><\/div><div class=\" ubtn-ctn-center \"><a class=\"ubtn-link ult-adjust-bottom-margin ubtn-center ubtn-custom \" href=\"mailto:info@criscatering.com?subject=Quiero m\u00e1s informaci\u00f3n sobre los espacios\" target=\"_blank\" rel=\"noopener\" ><button type=\"button\" id=\"ubtn-4580\"  class=\"ubtn ult-adjust-bottom-margin ult-responsive ubtn-custom ubtn-fade-bg  none  ubtn-center   tooltip-69e1a694a883c\"  data-hover=\"#ffffff\" data-border-color=\"\" data-bg=\"#d1bca8\" data-hover-bg=\"#e9dabd\" data-border-hover=\"\" data-shadow-hover=\"\" data-shadow-click=\"none\" data-shadow=\"\" data-shd-shadow=\"\"  data-ultimate-target='#ubtn-4580'  data-responsive-json-new='{\"font-size\":\"desktop:16px;\",\"line-height\":\"\"}'  style=\"font-weight:normal;width:200px;min-height:38px;padding:px px;border:none;background: #d1bca8;color: #000000;\"><span class=\"ubtn-data ubtn-icon\"><i class=\"none\" style=\"font-size:26px;color:#0a0a0a;\"><\/i><\/span><span class=\"ubtn-hover\" style=\"background-color:#e9dabd\"><\/span><span class=\"ubtn-data ubtn-text \" >pide informaci\u00f3n<\/span><\/button><\/a><\/div><div class=\"ult-spacer spacer-69e1a694a889e\" data-id=\"69e1a694a889e\" data-height=\"35\" data-height-mobile=\"35\" data-height-tab=\"35\" data-height-tab-portrait=\"\" data-height-mobile-landscape=\"\" style=\"clear:both;display:block;\"><\/div>[\/vc_column][vc_column width=\u00bb1\/3&#8243;][\/vc_column][\/vc_row][vc_row full_width=\u00bbstretch_row\u00bb css=\u00bb.vc_custom_1554815556405{margin-right: 0px !important;margin-left: 0px !important;padding-right: 0px !important;padding-left: 0px !important;}\u00bb][vc_column css=\u00bb.vc_custom_1554815495600{margin-right: 0px !important;margin-left: 0px !important;padding-right: 0px !important;padding-left: 0px !important;}\u00bb][vc_single_image image=\u00bb744&#8243; img_size=\u00bbfull\u00bb alignment=\u00bbcenter\u00bb][\/vc_column][\/vc_row][vc_row][vc_column][vc_column_text]\n[\/vc_column_text][\/vc_column][\/vc_row]\n","protected":false},"excerpt":{"rendered":"<p>[vc_row full_width=\u00bbstretch_row\u00bb content_placement=\u00bbtop\u00bb bg_type=\u00bbimage\u00bb parallax_style=\u00bbvcpb-default\u00bb bg_image_new=\u00bbid^238|url^https:\/\/criscatering.com\/wp-content\/uploads\/2019\/04\/00HEAD2.jpg|caption^null|alt^null|title^00HEAD2|description^null\u00bb bg_image_repeat=\u00bbno-repeat\u00bb css=\u00bb.vc_custom_1554452858422{margin-top: 0px !important;margin-right: 0px !important;margin-bottom: 0px !important;margin-left: 0px !important;padding-top: 0px !important;padding-right: 0px !important;padding-bottom: 21px !important;padding-left: 0px !important;}\u00bb][vc_column css=\u00bb.vc_custom_1554392714644{margin-top: 0px !important;margin-bottom: 0px !important;padding-top: 0px !important;padding-bottom: 0px !important;}\u00bb][\/vc_column][\/vc_row][vc_row][vc_column width=\u00bb1\/6&#8243;][\/vc_column][vc_column width=\u00bb2\/3&#8243; css=\u00bb.vc_custom_1554449195180{margin-right: 32px !important;}\u00bb][vc_column_text] En CRISCATERING nos gustan los eventos de cualquier tipo, pero entendemos que buscas un catering y un estilo en concreto. Dinos tu idea y nosotros te haremos las propuestas. [\/vc_column_text][\/vc_column][vc_column width=\u00bb1\/6&#8243; css=\u00bb.vc_custom_1554449217644{margin-left: 31px !important;}\u00bb][\/vc_column][\/vc_row][vc_row][vc_column][\/vc_column][vc_column][\/vc_column][\/vc_row][vc_row full_width=\u00bbstretch_row\u00bb equal_height=\u00bbyes\u00bb css=\u00bb.vc_custom_1553165709678{margin-top: 0px !important;margin-right: 0px !important;margin-bottom: 0px !important;margin-left: 0px !important;padding-top: 0px !important;padding-right: 0px !important;padding-bottom: 0px !important;padding-left: 0px !important;}\u00bb][vc_column width=\u00bb1\/3&#8243; css=\u00bb.vc_custom_1553158172974{margin-top: 0px !important;margin-right: 0px !important;margin-left: 0px !important;padding-top: 0px !important;padding-right: 0px !important;padding-left: 0px !important;}\u00bb][\/vc_column][vc_column width=\u00bb1\/3&#8243; css=\u00bb.vc_custom_1553158178527{margin-top: 0px !important;margin-right: 0px !important;margin-left: 0px !important;padding-top: 0px !important;padding-right: 0px !important;padding-left: 0px !important;}\u00bb][\/vc_column][vc_column width=\u00bb1\/3&#8243; css=\u00bb.vc_custom_1553158186345{margin-top: 0px !important;margin-right: 0px !important;margin-left: 0px !important;padding-top: 0px !important;padding-right: 0px !important;padding-left: 0px !important;}\u00bb][\/vc_column][\/vc_row][vc_row][vc_column][\/vc_column][\/vc_row][vc_row full_width=\u00bbstretch_row_content\u00bb css=\u00bb.vc_custom_1554452529002{margin-right: 0px !important;margin-left: 0px !important;padding-right: 0px !important;padding-left: 0px !important;}\u00bb][vc_column width=\u00bb1\/2&#8243; css=\u00bb.vc_custom_1554452500669{margin-top: 0px !important;margin-right: 0px !important;margin-bottom: 0px !important;margin-left: 0px !important;padding-top: 0px !important;padding-right: 0px !important;padding-bottom: 0px !important;padding-left: 0px !important;}\u00bb][\/vc_column][vc_column width=\u00bb1\/2&#8243; css=\u00bb.vc_custom_1554452539088{margin-right: 0px !important;margin-left: 0px !important;padding-right: 0px !important;padding-left: 0px !important;}\u00bb][\/vc_column][\/vc_row][vc_row full_width=\u00bbstretch_row\u00bb][vc_column width=\u00bb1\/3&#8243;][\/vc_column][vc_column width=\u00bb1\/3&#8243;][\/vc_column][vc_column width=\u00bb1\/3&#8243;][\/vc_column][\/vc_row][vc_row full_width=\u00bbstretch_row\u00bb css=\u00bb.vc_custom_1554815556405{margin-right: 0px !important;margin-left: 0px !important;padding-right: 0px !important;padding-left: 0px !important;}\u00bb][vc_column css=\u00bb.vc_custom_1554815495600{margin-right: 0px !important;margin-left: 0px !important;padding-right: 0px !important;padding-left: 0px !important;}\u00bb][vc_single_image image=\u00bb744&#8243; img_size=\u00bbfull\u00bb alignment=\u00bbcenter\u00bb][\/vc_column][\/vc_row][vc_row][vc_column][vc_column_text] [\/vc_column_text][\/vc_column][\/vc_row]<\/p>\n","protected":false},"author":1,"featured_media":0,"parent":0,"menu_order":0,"comment_status":"closed","ping_status":"closed","template":"","meta":{"footnotes":""},"class_list":["post-668","page","type-page","status-publish","hentry","entry","post-inner"],"_links":{"self":[{"href":"https:\/\/criscatering.com\/es\/wp-json\/wp\/v2\/pages\/668","targetHints":{"allow":["GET"]}}],"collection":[{"href":"https:\/\/criscatering.com\/es\/wp-json\/wp\/v2\/pages"}],"about":[{"href":"https:\/\/criscatering.com\/es\/wp-json\/wp\/v2\/types\/page"}],"author":[{"embeddable":true,"href":"https:\/\/criscatering.com\/es\/wp-json\/wp\/v2\/users\/1"}],"replies":[{"embeddable":true,"href":"https:\/\/criscatering.com\/es\/wp-json\/wp\/v2\/comments?post=668"}],"version-history":[{"count":10,"href":"https:\/\/criscatering.com\/es\/wp-json\/wp\/v2\/pages\/668\/revisions"}],"predecessor-version":[{"id":973,"href":"https:\/\/criscatering.com\/es\/wp-json\/wp\/v2\/pages\/668\/revisions\/973"}],"wp:attachment":[{"href":"https:\/\/criscatering.com\/es\/wp-json\/wp\/v2\/media?parent=668"}],"curies":[{"name":"wp","href":"https:\/\/api.w.org\/{rel}","templated":true}]}}